{"id":12463,"date":"2025-12-08T13:01:55","date_gmt":"2025-12-08T12:01:55","guid":{"rendered":"https:\/\/www.norli.se\/?page_id=12463"},"modified":"2026-02-12T14:59:26","modified_gmt":"2026-02-12T13:59:26","slug":"hur-vi-raknat","status":"publish","type":"page","link":"https:\/\/www.norli.se\/en\/hur-vi-raknat\/","title":{"rendered":"hur-vi-raknat"},"content":{"rendered":"<div data-elementor-type=\"wp-page\" data-elementor-id=\"12463\" class=\"elementor elementor-12463\" data-elementor-post-type=\"page\">\n\t\t\t\t<div class=\"elementor-element elementor-element-494fe20 e-flex e-con-boxed e-con e-parent\" data-id=\"494fe20\" data-element_type=\"container\" data-e-type=\"container\" data-settings=\"{&quot;background_background&quot;:&quot;classic&quot;}\">\n\t\t\t\t\t<div class=\"e-con-inner\">\n\t\t<div class=\"elementor-element elementor-element-b5c5478 e-con-full e-flex e-con e-child\" data-id=\"b5c5478\" data-element_type=\"container\" data-e-type=\"container\" data-settings=\"{&quot;background_background&quot;:&quot;classic&quot;}\">\n\t\t\t\t<div class=\"elementor-element elementor-element-2ca90fa elementor-widget elementor-widget-heading\" data-id=\"2ca90fa\" data-element_type=\"widget\" data-e-type=\"widget\" data-widget_type=\"heading.default\">\n\t\t\t\t<div class=\"elementor-widget-container\">\n\t\t\t\t\t<h2 class=\"elementor-heading-title elementor-size-default\">Hur vi r\u00e4knat och vilka k\u00e4llor vi anv\u00e4nt<\/h2>\t\t\t\t<\/div>\n\t\t\t\t<\/div>\n\t\t\t\t<div class=\"elementor-element elementor-element-aa2a9c6 elementor-widget elementor-widget-text-editor\" data-id=\"aa2a9c6\" data-element_type=\"widget\" data-e-type=\"widget\" data-widget_type=\"text-editor.default\">\n\t\t\t\t<div class=\"elementor-widget-container\">\n\t\t\t\t\t\t\t\t\t<p data-start=\"104\" data-end=\"319\">Exemplet p\u00e5 den h\u00e4r sidan \u00e4r f\u00f6renklat och ska ses som en illustration \u2013 inte ett l\u00f6fte om exakt niv\u00e5 f\u00f6r just din bostad. Siffrorna bygger p\u00e5 offentlig statistik och branschdata om korttidsuthyrning, bland annat:<\/p>\n<p data-start=\"321\" data-end=\"820\"><strong data-start=\"321\" data-end=\"392\">\u2013 Skillnad mellan professionella v\u00e4rdar\/Superhosts och privatv\u00e4rdar<\/strong><br data-start=\"392\" data-end=\"395\">Flera analyser visar att professionella v\u00e4rdar och Superhosts i genomsnitt har omkring <strong data-start=\"482\" data-end=\"509\">20\u201330 % h\u00f6gre \u00e5rsint\u00e4kt<\/strong> \u00e4n vanliga v\u00e4rdar, tack vare b\u00e4ttre priss\u00e4ttning, snabbare svarstid och h\u00f6gre kvalitet i v\u00e4rdskapet. Se t.ex. <a class=\"decorated-link\" href=\"https:\/\/hospitable.com\/airbnb-superhost-status?utm_source=chatgpt.com\" target=\"_new\" rel=\"noopener\" data-start=\"620\" data-end=\"706\">Hospitable \u2013 Airbnb Superhost Status<\/a> and <a class=\"decorated-link\" href=\"https:\/\/news.airbnb.com\/airbnb-celebrates-1-million-superhosts\/?utm_source=chatgpt.com\" target=\"_new\" rel=\"noopener\" data-start=\"711\" data-end=\"816\">Airbnb Newsroom \u2013 1 million Superhosts<\/a>.<\/p>\n<p data-start=\"822\" data-end=\"1616\"><strong data-start=\"822\" data-end=\"866\">\u2013 Bel\u00e4ggningsgrader i attraktiva omr\u00e5den<\/strong><br data-start=\"866\" data-end=\"869\">Marknadsdata fr\u00e5n bl.a. <a class=\"decorated-link\" href=\"https:\/\/www.airdna.co\/?utm_source=chatgpt.com\" target=\"_new\" rel=\"noopener\" data-start=\"893\" data-end=\"925\">AirDNA<\/a> och branschgenomg\u00e5ngar av Airbnb-bel\u00e4ggning visar att \u201cbra\u201d boenden i eftertraktade omr\u00e5den ofta ligger p\u00e5 <strong data-start=\"1033\" data-end=\"1060\">runt 60\u201380 % bel\u00e4ggning<\/strong> \u00f6ver \u00e5ret eller under h\u00f6gs\u00e4song, medan genomsnittet f\u00f6r alla boenden \u00e4r l\u00e4gre. Det g\u00f6r att antaganden som 65 % (privat) respektive 78 % (med Norli) \u00e4r f\u00f6rsiktiga snarare \u00e4n aggressiva. Se t.ex. <a class=\"decorated-link\" href=\"https:\/\/www.airdna.co\/blog\/airbnb-hosting-tips-for-occupancy-in-2023?utm_source=chatgpt.com\" target=\"_new\" rel=\"noopener\" data-start=\"1255\" data-end=\"1362\">AirDNA \u2013 guide om Airbnb-bel\u00e4ggning<\/a>, <a class=\"decorated-link\" href=\"https:\/\/www.siteminder.com\/r\/airbnb-occupancy-rate\/?utm_source=chatgpt.com\" target=\"_new\" rel=\"noopener\" data-start=\"1364\" data-end=\"1467\">SiteMinder \u2013 typisk och h\u00f6gsta Airbnb-bel\u00e4ggning<\/a> and <a class=\"decorated-link\" href=\"https:\/\/www.smartorder.ai\/resources\/blog\/how-to-boost-your-airbnb-occupancy-rate\/?utm_source=chatgpt.com\" target=\"_new\" rel=\"noopener\" data-start=\"1472\" data-end=\"1612\">SmartOrder \u2013 topperformers 60\u201375 % och \u00f6ver 80 % i peak<\/a>.<\/p>\n<p data-start=\"1618\" data-end=\"2503\"><strong data-start=\"1618\" data-end=\"1666\">\u2013 Int\u00e4kten drivs av b\u00e5de pris och bel\u00e4ggning<\/strong><br data-start=\"1666\" data-end=\"1669\">Forskning och artiklar om dynamisk priss\u00e4ttning visar att h\u00f6gre int\u00e4kt inte bara handlar om pris per natt, utan lika mycket om <strong data-start=\"1796\" data-end=\"1860\">dynamisk priss\u00e4ttning, b\u00e4ttre synlighet och h\u00f6gre bel\u00e4ggning<\/strong>. Airbnb beskriver sj\u00e4lva hur deras smarta priss\u00e4ttning optimerar balansen mellan pris och sannolikheten att bli bokad, och flera genomg\u00e5ngar visar hur datadriven priss\u00e4ttning \u00f6kar b\u00e5de int\u00e4kter och nyttjandegrad. Se t.ex. <a class=\"decorated-link\" href=\"https:\/\/news.airbnb.com\/sharing-more-about-the-technology-that-powers-airbnb\/?utm_source=chatgpt.com\" target=\"_new\" rel=\"noopener\" data-start=\"2083\" data-end=\"2201\">Airbnb \u2013 tekniken bakom Smart Pricing<\/a>, <a class=\"decorated-link\" href=\"https:\/\/hellopm.co\/airbnbs-dynamic-pricing-strategy-product-analytics-case-study\/?utm_source=chatgpt.com\" target=\"_new\" rel=\"noopener\" data-start=\"2203\" data-end=\"2331\">HelloPM \u2013 Airbnb\u2019s dynamic pricing strategy<\/a> och den vetenskapliga artikeln <a class=\"decorated-link cursor-pointer\" target=\"_new\" rel=\"noopener\" data-start=\"2363\" data-end=\"2499\">\u201cDynamic pricing in Airbnb: Individual versus professional hosts\u201d<\/a>.<\/p>\n<p data-start=\"2505\" data-end=\"2773\">Sj\u00e4lva utr\u00e4kningen f\u00f6r m\u00e5nads\u00adexemplet bygger p\u00e5:<br data-start=\"2554\" data-end=\"2557\">\u2013 <strong data-start=\"2559\" data-end=\"2596\">Snittpris per natt \u00d7 antal n\u00e4tter<\/strong> (utifr\u00e5n bel\u00e4ggningsgrad) = bruttoint\u00e4kt per m\u00e5nad.<br data-start=\"2648\" data-end=\"2651\">\u2013 I Norli-exemplet har vi dessutom r\u00e4knat bort Norlis avgift (17,5 %) f\u00f6r att visa en ungef\u00e4rlig <strong data-start=\"2748\" data-end=\"2772\">nettoint\u00e4kt till dig<\/strong>.<\/p>\t\t\t\t\t\t\t\t<\/div>\n\t\t\t\t<\/div>\n\t\t\t\t<\/div>\n\t\t\t\t\t<\/div>\n\t\t\t\t<\/div>\n\t\t\t\t<\/div>","protected":false},"excerpt":{"rendered":"<p>Hur vi r\u00e4knat och vilka k\u00e4llor vi anv\u00e4nt Exemplet p\u00e5 den h\u00e4r sidan \u00e4r f\u00f6renklat och ska ses som en illustration \u2013 inte ett l\u00f6fte om exakt niv\u00e5 f\u00f6r just din bostad. Siffrorna bygger p\u00e5 offentlig statistik och branschdata om korttidsuthyrning, bland annat: \u2013 Skillnad mellan professionella v\u00e4rdar\/Superhosts och privatv\u00e4rdarFlera analyser visar att professionella v\u00e4rdar [&hellip;]<\/p>\n","protected":false},"author":1,"featured_media":0,"parent":0,"menu_order":0,"comment_status":"closed","ping_status":"closed","template":"","meta":{"footnotes":""},"class_list":["post-12463","page","type-page","status-publish","hentry"],"_links":{"self":[{"href":"https:\/\/www.norli.se\/en\/wp-json\/wp\/v2\/pages\/12463","targetHints":{"allow":["GET"]}}],"collection":[{"href":"https:\/\/www.norli.se\/en\/wp-json\/wp\/v2\/pages"}],"about":[{"href":"https:\/\/www.norli.se\/en\/wp-json\/wp\/v2\/types\/page"}],"author":[{"embeddable":true,"href":"https:\/\/www.norli.se\/en\/wp-json\/wp\/v2\/users\/1"}],"replies":[{"embeddable":true,"href":"https:\/\/www.norli.se\/en\/wp-json\/wp\/v2\/comments?post=12463"}],"version-history":[{"count":22,"href":"https:\/\/www.norli.se\/en\/wp-json\/wp\/v2\/pages\/12463\/revisions"}],"predecessor-version":[{"id":28462,"href":"https:\/\/www.norli.se\/en\/wp-json\/wp\/v2\/pages\/12463\/revisions\/28462"}],"wp:attachment":[{"href":"https:\/\/www.norli.se\/en\/wp-json\/wp\/v2\/media?parent=12463"}],"curies":[{"name":"wp","href":"https:\/\/api.w.org\/{rel}","templated":true}]}}