{"id":28961,"date":"2026-02-14T08:15:59","date_gmt":"2026-02-14T07:15:59","guid":{"rendered":"https:\/\/www.norli.se\/?page_id=28961"},"modified":"2026-04-26T16:53:30","modified_gmt":"2026-04-26T14:53:30","slug":"kontakt","status":"publish","type":"page","link":"https:\/\/www.norli.se\/en\/kontakt\/","title":{"rendered":"Contact"},"content":{"rendered":"\t\t<div data-elementor-type=\"wp-page\" data-elementor-id=\"28961\" class=\"elementor elementor-28961\" data-elementor-post-type=\"page\">\n\t\t\t\t<div class=\"elementor-element elementor-element-85a9180 norli-contact-wrap e-flex e-con-boxed e-con e-parent\" data-id=\"85a9180\" data-element_type=\"container\" data-e-type=\"container\" data-settings=\"{&quot;background_background&quot;:&quot;classic&quot;}\">\n\t\t\t\t\t<div class=\"e-con-inner\">\n\t\t<div class=\"elementor-element elementor-element-65b58e8 e-con-full e-flex e-con e-child\" data-id=\"65b58e8\" data-element_type=\"container\" data-e-type=\"container\">\n\t\t\t\t<div class=\"elementor-element elementor-element-4e1f5b4 elementor-widget elementor-widget-heading\" data-id=\"4e1f5b4\" data-element_type=\"widget\" data-e-type=\"widget\" data-widget_type=\"heading.default\">\n\t\t\t\t<div class=\"elementor-widget-container\">\n\t\t\t\t\t<h2 class=\"elementor-heading-title elementor-size-default\">V\u00e5rt team<\/h2>\t\t\t\t<\/div>\n\t\t\t\t<\/div>\n\t\t\t\t<\/div>\n\t\t<div class=\"elementor-element elementor-element-d251769 e-con-full e-flex e-con e-child\" data-id=\"d251769\" data-element_type=\"container\" data-e-type=\"container\">\n\t\t<div class=\"elementor-element elementor-element-104069b e-con-full norli-contact-left e-flex e-con e-child\" data-id=\"104069b\" data-element_type=\"container\" data-e-type=\"container\">\n\t\t<div class=\"elementor-element elementor-element-b2903ad e-con-full e-flex e-con e-child\" data-id=\"b2903ad\" data-element_type=\"container\" data-e-type=\"container\">\n\t\t\t\t<div class=\"elementor-element elementor-element-4ab8bea elementor-widget elementor-widget-image\" data-id=\"4ab8bea\" data-element_type=\"widget\" data-e-type=\"widget\" data-widget_type=\"image.default\">\n\t\t\t\t<div class=\"elementor-widget-container\">\n\t\t\t\t\t\t\t\t\t\t\t\t\t\t\t<img fetchpriority=\"high\" decoding=\"async\" width=\"234\" height=\"300\" src=\"https:\/\/www.norli.se\/wp-content\/uploads\/2026\/03\/emelie_thor_bw_matchad-e1774876505446-234x300.png\" class=\"attachment-medium size-medium wp-image-33212\" alt=\"\" srcset=\"https:\/\/www.norli.se\/wp-content\/uploads\/2026\/03\/emelie_thor_bw_matchad-e1774876505446-234x300.png 234w, https:\/\/www.norli.se\/wp-content\/uploads\/2026\/03\/emelie_thor_bw_matchad-e1774876505446-9x12.png 9w, https:\/\/www.norli.se\/wp-content\/uploads\/2026\/03\/emelie_thor_bw_matchad-e1774876505446.png 750w\" sizes=\"(max-width: 234px) 100vw, 234px\" \/>\t\t\t\t\t\t\t\t\t\t\t\t\t\t\t<\/div>\n\t\t\t\t<\/div>\n\t\t<div class=\"elementor-element elementor-element-74845d3 e-con-full e-flex e-con e-child\" data-id=\"74845d3\" data-element_type=\"container\" data-e-type=\"container\">\n\t\t\t\t<div class=\"elementor-element elementor-element-c6e90d1 elementor-widget elementor-widget-text-editor\" data-id=\"c6e90d1\" data-element_type=\"widget\" data-e-type=\"widget\" data-widget_type=\"text-editor.default\">\n\t\t\t\t<div class=\"elementor-widget-container\">\n\t\t\t\t\t\t\t\t\t<p>Emelie Thor<\/p>\t\t\t\t\t\t\t\t<\/div>\n\t\t\t\t<\/div>\n\t\t\t\t<div class=\"elementor-element elementor-element-9861126 elementor-widget elementor-widget-text-editor\" data-id=\"9861126\" data-element_type=\"widget\" data-e-type=\"widget\" data-widget_type=\"text-editor.default\">\n\t\t\t\t<div class=\"elementor-widget-container\">\n\t\t\t\t\t\t\t\t\t<p>Kundansvarig<\/p>\t\t\t\t\t\t\t\t<\/div>\n\t\t\t\t<\/div>\n\t\t\t\t<div class=\"elementor-element elementor-element-db57bc0 elementor-widget elementor-widget-text-editor\" data-id=\"db57bc0\" data-element_type=\"widget\" data-e-type=\"widget\" data-widget_type=\"text-editor.default\">\n\t\t\t\t<div class=\"elementor-widget-container\">\n\t\t\t\t\t\t\t\t\t<p><a href=\"mailto:emelie.thor@norli.se\">emelie.thor@norli.se<\/a><\/p>\t\t\t\t\t\t\t\t<\/div>\n\t\t\t\t<\/div>\n\t\t\t\t<\/div>\n\t\t\t\t<\/div>\n\t\t<div class=\"elementor-element elementor-element-b45fe71 e-con-full e-flex e-con e-child\" data-id=\"b45fe71\" data-element_type=\"container\" data-e-type=\"container\">\n\t\t\t\t<div class=\"elementor-element elementor-element-ee4786e elementor-widget elementor-widget-image\" data-id=\"ee4786e\" data-element_type=\"widget\" data-e-type=\"widget\" data-widget_type=\"image.default\">\n\t\t\t\t<div class=\"elementor-widget-container\">\n\t\t\t\t\t\t\t\t\t\t\t\t\t\t\t<img decoding=\"async\" width=\"233\" height=\"300\" src=\"https:\/\/www.norli.se\/wp-content\/uploads\/2026\/03\/ole_horn_bw_matchad-e1774876462604-233x300.png\" class=\"attachment-medium size-medium wp-image-33213\" alt=\"\" srcset=\"https:\/\/www.norli.se\/wp-content\/uploads\/2026\/03\/ole_horn_bw_matchad-e1774876462604-233x300.png 233w, https:\/\/www.norli.se\/wp-content\/uploads\/2026\/03\/ole_horn_bw_matchad-e1774876462604-9x12.png 9w, https:\/\/www.norli.se\/wp-content\/uploads\/2026\/03\/ole_horn_bw_matchad-e1774876462604.png 746w\" sizes=\"(max-width: 233px) 100vw, 233px\" \/>\t\t\t\t\t\t\t\t\t\t\t\t\t\t\t<\/div>\n\t\t\t\t<\/div>\n\t\t<div class=\"elementor-element elementor-element-9bed5b4 e-con-full e-flex e-con e-child\" data-id=\"9bed5b4\" data-element_type=\"container\" data-e-type=\"container\">\n\t\t\t\t<div class=\"elementor-element elementor-element-15e20cd elementor-widget elementor-widget-text-editor\" data-id=\"15e20cd\" data-element_type=\"widget\" data-e-type=\"widget\" data-widget_type=\"text-editor.default\">\n\t\t\t\t<div class=\"elementor-widget-container\">\n\t\t\t\t\t\t\t\t\t<p>Ole Horn<\/p>\t\t\t\t\t\t\t\t<\/div>\n\t\t\t\t<\/div>\n\t\t\t\t<div class=\"elementor-element elementor-element-88b0321 elementor-widget elementor-widget-text-editor\" data-id=\"88b0321\" data-element_type=\"widget\" data-e-type=\"widget\" data-widget_type=\"text-editor.default\">\n\t\t\t\t<div class=\"elementor-widget-container\">\n\t\t\t\t\t\t\t\t\t<p>Partneransvarig<\/p>\t\t\t\t\t\t\t\t<\/div>\n\t\t\t\t<\/div>\n\t\t\t\t<div class=\"elementor-element elementor-element-f45280f elementor-widget elementor-widget-text-editor\" data-id=\"f45280f\" data-element_type=\"widget\" data-e-type=\"widget\" data-widget_type=\"text-editor.default\">\n\t\t\t\t<div class=\"elementor-widget-container\">\n\t\t\t\t\t\t\t\t\t<p><a href=\"mailto:ole.horn@norli.se\">ole.horn@norli.se<\/a><\/p>\t\t\t\t\t\t\t\t<\/div>\n\t\t\t\t<\/div>\n\t\t\t\t<\/div>\n\t\t\t\t<\/div>\n\t\t\t\t<\/div>\n\t\t<div class=\"elementor-element elementor-element-c290bb3 e-con-full e-flex e-con e-child\" data-id=\"c290bb3\" data-element_type=\"container\" data-e-type=\"container\">\n\t\t<div class=\"elementor-element elementor-element-47c21a5 e-con-full norli-contact-right e-flex e-con e-child\" data-id=\"47c21a5\" data-element_type=\"container\" data-e-type=\"container\">\n\t\t\t\t<div class=\"elementor-element elementor-element-dfb30d0 elementor-widget elementor-widget-text-editor\" data-id=\"dfb30d0\" data-element_type=\"widget\" data-e-type=\"widget\" data-widget_type=\"text-editor.default\">\n\t\t\t\t<div class=\"elementor-widget-container\">\n\t\t\t\t\t\t\t\t\t<p data-start=\"1323\" data-end=\"1529\">Vi svarar g\u00e4rna p\u00e5 fr\u00e5gor om hur vi arbetar, vad som ing\u00e5r i v\u00e5rt helhetsansvar och hur vi kan skapa en trygg, smidig och l\u00f6nsam l\u00f6sning f\u00f6r just din bostad eller ditt fritidshus.<\/p><p data-start=\"1700\" data-end=\"1763\">Fyll i kontaktformul\u00e4ret s\u00e5 \u00e5terkommer vi personligen inom kort.<\/p><p data-start=\"1770\" data-end=\"1853\">Det g\u00e5r ocks\u00e5 bra att sl\u00e5 oss en signal eller skicka ett mejl om det passar b\u00e4ttre.<\/p>\t\t\t\t\t\t\t\t<\/div>\n\t\t\t\t<\/div>\n\t\t<div class=\"elementor-element elementor-element-38fb9b3 e-con-full e-flex e-con e-child\" data-id=\"38fb9b3\" data-element_type=\"container\" data-e-type=\"container\">\n\t\t\t\t<div class=\"elementor-element elementor-element-0ea387e elementor-widget elementor-widget-html\" data-id=\"0ea387e\" data-element_type=\"widget\" data-e-type=\"widget\" data-widget_type=\"html.default\">\n\t\t\t\t<div class=\"elementor-widget-container\">\n\t\t\t\t\t<div style=\"display:flex;flex-direction:column;gap:10px;margin-top:8px;\">\n\n  <div style=\"display:flex;align-items:center;gap:12px;\">\n    <div style=\"width:34px;height:34px;min-width:34px;border-radius:10px;background:rgba(138,108,206,.10);display:flex;align-items:center;justify-content:center;\">\n      <svg width=\"16\" height=\"16\" viewBox=\"0 0 24 24\" fill=\"none\" stroke=\"#8A6CCE\" stroke-width=\"2\" stroke-linecap=\"round\" stroke-linejoin=\"round\"><path d=\"M22 16.92v3a2 2 0 01-2.18 2 19.79 19.79 0 01-8.63-3.07A19.5 19.5 0 013.07 9.81a19.79 19.79 0 01-3.07-8.67A2 2 0 012 0h3a2 2 0 012 1.72c.127.96.361 1.903.7 2.81a2 2 0 01-.45 2.11L6.09 7.91a16 16 0 006 6l1.27-1.27a2 2 0 012.11-.45c.907.339 1.85.573 2.81.7A2 2 0 0122 16.92z\"\/><\/svg>\n    <\/div>\n    <span style=\"font-family:'Inter',sans-serif;font-size:15px;color:#4B5563;\">010 183 89 89<\/span>\n  <\/div>\n\n  <div style=\"display:flex;align-items:center;gap:12px;\">\n    <div style=\"width:34px;height:34px;min-width:34px;border-radius:10px;background:rgba(138,108,206,.10);display:flex;align-items:center;justify-content:center;\">\n      <svg width=\"16\" height=\"16\" viewBox=\"0 0 24 24\" fill=\"none\" stroke=\"#8A6CCE\" stroke-width=\"2\" stroke-linecap=\"round\" stroke-linejoin=\"round\"><path d=\"M4 4h16c1.1 0 2 .9 2 2v12c0 1.1-.9 2-2 2H4c-1.1 0-2-.9-2-2V6c0-1.1.9-2 2-2z\"\/><polyline points=\"22,6 12,13 2,6\"\/><\/svg>\n    <\/div>\n    <a href=\"mailto:kontakt@norli.se\" style=\"font-family:'Inter',sans-serif;font-size:15px;color:#8A6CCE;text-decoration:none;\">kontakt@norli.se<\/a>\n  <\/div>\n\n  <div style=\"display:flex;align-items:center;gap:12px;\">\n    <div style=\"width:34px;height:34px;min-width:34px;border-radius:10px;background:rgba(138,108,206,.10);display:flex;align-items:center;justify-content:center;\">\n      <svg width=\"16\" height=\"16\" viewBox=\"0 0 24 24\" fill=\"none\" stroke=\"#8A6CCE\" stroke-width=\"2\" stroke-linecap=\"round\" stroke-linejoin=\"round\"><circle cx=\"12\" cy=\"12\" r=\"10\"\/><polyline points=\"12 6 12 12 16 14\"\/><\/svg>\n    <\/div>\n    <span style=\"font-family:'Inter',sans-serif;font-size:15px;color:#4B5563;\">Helgfri m\u00e5n\u2013fre: 08:00\u201317:00<\/span>\n  <\/div>\n\n<\/div>\t\t\t\t<\/div>\n\t\t\t\t<\/div>\n\t\t\t\t<\/div>\n\t\t\t\t<\/div>\n\t\t\t\t<\/div>\n\t\t\t\t<\/div>\n\t\t<div class=\"elementor-element elementor-element-1e9aa88 e-con-full e-flex e-con e-child\" data-id=\"1e9aa88\" data-element_type=\"container\" data-e-type=\"container\">\n\t\t<div class=\"elementor-element elementor-element-8ba2da4 e-con-full e-flex e-con e-child\" data-id=\"8ba2da4\" data-element_type=\"container\" data-e-type=\"container\">\n\t\t\t\t<div class=\"elementor-element elementor-element-545e214 elementor-widget elementor-widget-shortcode\" data-id=\"545e214\" data-element_type=\"widget\" data-e-type=\"widget\" data-widget_type=\"shortcode.default\">\n\t\t\t\t<div class=\"elementor-widget-container\">\n\t\t\t\t\t\t\t<div class=\"elementor-shortcode\">\t<div\n\t\tclass=\"norli-form-container norli-layout-default\"\n\t\tdata-norli-cf=\"1\"\n\t\tdata-norli-form-id=\"norli_cf_1\"\n\t>\n\t\t<form class=\"norli-contact-form\" method=\"post\" action=\"\" novalidate autocomplete=\"off\">\n\n\t\t\t<div class=\"norli-form-left\">\n\n\t\t\t\t\t\t\t\t<div class=\"norli-form-group\" data-field=\"name\">\n\t\t\t\t\t<input\n\t\t\t\t\t\ttype=\"text\"\n\t\t\t\t\t\tid=\"norli_cf_1_name\"\n\t\t\t\t\t\tname=\"name\"\n\t\t\t\t\t\tclass=\"norli-form-input\"\n\t\t\t\t\t\tplaceholder=\"Name\"\n\t\t\t\t\t\trequired\n\t\t\t\t\t\tautocomplete=\"off\"\n\t\t\t\t\t\t\t\t\t\t\t>\n\t\t\t\t\t<button\n\t\t\t\t\t\ttype=\"button\"\n\t\t\t\t\t\tclass=\"norli-clear-btn\"\n\t\t\t\t\t\tdata-clear=\"name\"\n\t\t\t\t\t\taria-label=\"Clear\"\n\t\t\t\t\t><svg viewBox=\"0 0 24 24\" fill=\"none\" xmlns=\"http:\/\/www.w3.org\/2000\/svg\" aria-hidden=\"true\"><path d=\"M18 6L6 18M6 6L18 18\" stroke-width=\"2.5\" stroke-linecap=\"round\" stroke-linejoin=\"round\"\/><\/svg><\/button>\n\t\t\t\t\t<span class=\"norli-error-msg\" aria-live=\"polite\"><\/span>\n\t\t\t\t<\/div>\n\t\t\t\t\t\t\t\t<div class=\"norli-form-group\" data-field=\"email\">\n\t\t\t\t\t<input\n\t\t\t\t\t\ttype=\"email\"\n\t\t\t\t\t\tid=\"norli_cf_1_email\"\n\t\t\t\t\t\tname=\"email\"\n\t\t\t\t\t\tclass=\"norli-form-input\"\n\t\t\t\t\t\tplaceholder=\"Email\"\n\t\t\t\t\t\trequired\n\t\t\t\t\t\tautocomplete=\"off\"\n\t\t\t\t\t\t\t\t\t\t\t>\n\t\t\t\t\t<button\n\t\t\t\t\t\ttype=\"button\"\n\t\t\t\t\t\tclass=\"norli-clear-btn\"\n\t\t\t\t\t\tdata-clear=\"email\"\n\t\t\t\t\t\taria-label=\"Clear\"\n\t\t\t\t\t><svg viewBox=\"0 0 24 24\" fill=\"none\" xmlns=\"http:\/\/www.w3.org\/2000\/svg\" aria-hidden=\"true\"><path d=\"M18 6L6 18M6 6L18 18\" stroke-width=\"2.5\" stroke-linecap=\"round\" stroke-linejoin=\"round\"\/><\/svg><\/button>\n\t\t\t\t\t<span class=\"norli-error-msg\" aria-live=\"polite\"><\/span>\n\t\t\t\t<\/div>\n\t\t\t\t\t\t\t\t<div class=\"norli-form-group\" data-field=\"phone\">\n\t\t\t\t\t<input\n\t\t\t\t\t\ttype=\"tel\"\n\t\t\t\t\t\tid=\"norli_cf_1_phone\"\n\t\t\t\t\t\tname=\"phone\"\n\t\t\t\t\t\tclass=\"norli-form-input\"\n\t\t\t\t\t\tplaceholder=\"Phone\"\n\t\t\t\t\t\trequired\n\t\t\t\t\t\tautocomplete=\"tel\"\n\t\t\t\t\t\tinputmode=\"tel\" maxlength=\"20\" pattern=\"^\\+[1-9][0-9]{7,14}$\"\t\t\t\t\t>\n\t\t\t\t\t<button\n\t\t\t\t\t\ttype=\"button\"\n\t\t\t\t\t\tclass=\"norli-clear-btn\"\n\t\t\t\t\t\tdata-clear=\"phone\"\n\t\t\t\t\t\taria-label=\"Clear\"\n\t\t\t\t\t><svg viewBox=\"0 0 24 24\" fill=\"none\" xmlns=\"http:\/\/www.w3.org\/2000\/svg\" aria-hidden=\"true\"><path d=\"M18 6L6 18M6 6L18 18\" stroke-width=\"2.5\" stroke-linecap=\"round\" stroke-linejoin=\"round\"\/><\/svg><\/button>\n\t\t\t\t\t<span class=\"norli-error-msg\" aria-live=\"polite\"><\/span>\n\t\t\t\t<\/div>\n\t\t\t\t\n\t\t\t<\/div>\n\n\t\t\t<div class=\"norli-form-right\">\n\n\t\t\t\t<div class=\"norli-form-group\" data-field=\"message\">\n\t\t\t\t\t<textarea\n\t\t\t\t\t\tid=\"norli_cf_1_message\"\n\t\t\t\t\t\tname=\"message\"\n\t\t\t\t\t\tclass=\"norli-form-textarea\"\n\t\t\t\t\t\tplaceholder=\"Message\"\n\t\t\t\t\t\trequired\n\t\t\t\t\t\tautocomplete=\"off\"\n\t\t\t\t\t><\/textarea>\n\t\t\t\t\t<span class=\"norli-error-msg\" aria-live=\"polite\"><\/span>\n\t\t\t\t<\/div>\n\n\t\t\t\t<button\n\t\t\t\t\ttype=\"submit\"\n\t\t\t\t\tclass=\"norli-form-submit\"\n\t\t\t\t\tdata-original-text=\"Send your question\"\n\t\t\t\t>Send your question<\/button>\n\n\t\t\t<\/div>\n\n\t\t\t<p class=\"norli-form-gdpr\">By submitting the form, you accept Norli's <a href=\"\/integritetspolicy\" style=\"color:#7559C0!important;font-weight:400!important;font-size:inherit!important\">privacy policy<\/a>. We never share your information with third parties.<\/p>\n\n\t\t\t<div class=\"norli-form-message\" style=\"display:none;\" aria-live=\"polite\"><\/div>\n\n\t\t\t<input type=\"hidden\" name=\"action\" value=\"norli_contact_form\">\n\t\t\t<input type=\"hidden\" name=\"nonce\"  value=\"0505509fd9\">\n\n\t\t<\/form>\n\t<\/div>\n\t<\/div>\n\t\t\t\t\t\t<\/div>\n\t\t\t\t<\/div>\n\t\t\t\t<\/div>\n\t\t\t\t<\/div>\n\t\t\t\t\t<\/div>\n\t\t\t\t<\/div>\n\t\t\t\t<\/div>\n\t\t","protected":false},"excerpt":{"rendered":"<p>V\u00e5rt team Emelie Thor Kundansvarig emelie.thor@norli.se Ole Horn Partneransvarig ole.horn@norli.se Vi svarar g\u00e4rna p\u00e5 fr\u00e5gor om hur vi arbetar, vad som ing\u00e5r i v\u00e5rt helhetsansvar och hur vi kan skapa en trygg, smidig och l\u00f6nsam l\u00f6sning f\u00f6r just din bostad eller ditt fritidshus. Fyll i kontaktformul\u00e4ret s\u00e5 \u00e5terkommer vi personligen inom kort. Det g\u00e5r ocks\u00e5 [&hellip;]<\/p>\n","protected":false},"author":1,"featured_media":0,"parent":0,"menu_order":0,"comment_status":"closed","ping_status":"closed","template":"","meta":{"footnotes":""},"class_list":["post-28961","page","type-page","status-publish","hentry"],"_links":{"self":[{"href":"https:\/\/www.norli.se\/en\/wp-json\/wp\/v2\/pages\/28961","targetHints":{"allow":["GET"]}}],"collection":[{"href":"https:\/\/www.norli.se\/en\/wp-json\/wp\/v2\/pages"}],"about":[{"href":"https:\/\/www.norli.se\/en\/wp-json\/wp\/v2\/types\/page"}],"author":[{"embeddable":true,"href":"https:\/\/www.norli.se\/en\/wp-json\/wp\/v2\/users\/1"}],"replies":[{"embeddable":true,"href":"https:\/\/www.norli.se\/en\/wp-json\/wp\/v2\/comments?post=28961"}],"version-history":[{"count":181,"href":"https:\/\/www.norli.se\/en\/wp-json\/wp\/v2\/pages\/28961\/revisions"}],"predecessor-version":[{"id":38061,"href":"https:\/\/www.norli.se\/en\/wp-json\/wp\/v2\/pages\/28961\/revisions\/38061"}],"wp:attachment":[{"href":"https:\/\/www.norli.se\/en\/wp-json\/wp\/v2\/media?parent=28961"}],"curies":[{"name":"wp","href":"https:\/\/api.w.org\/{rel}","templated":true}]}}